{"id":12,"date":"2023-10-12T15:38:35","date_gmt":"2023-10-12T15:38:35","guid":{"rendered":"http:\/\/localhost:8002\/?page_id=7"},"modified":"2023-10-27T00:37:09","modified_gmt":"2023-10-27T03:37:09","slug":"beautiful-portfolios-for-exceptional-creatives","status":"publish","type":"page","link":"https:\/\/futebolart.com.br\/","title":{"rendered":"Pagina Inicial"},"content":{"rendered":"\n<p class=\"has-text-align-center\"><meta charset=\"utf-8\">Bem-vindo(a) ao nosso site! Aqui voc\u00ea poder\u00e1 conhecer um pouco mais sobre o dia a dia de nossa pelada, acessar os dados de estat\u00edsticas, regulamento, lista de espera e acompanhar semanalmente a \u201cResenha Digital\u201d!<\/p>\n\n\n\n<div style=\"height:55px\" aria-hidden=\"true\" class=\"wp-block-spacer\"><\/div>\n\n\n\n<div class=\"wp-block-group alignfull has-background\" style=\"background-color:#e5e9ec\"><div class=\"wp-block-group__inner-container is-layout-flow wp-block-group-is-layout-flow\">\n<div class=\"wp-block-columns is-layout-flex wp-container-core-columns-is-layout-9d6595d7 wp-block-columns-is-layout-flex\">\n<div class=\"wp-block-column is-vertically-aligned-center is-layout-flow wp-block-column-is-layout-flow\">\n<h2 class=\"wp-block-heading\">Sobre a Pelada<\/h2>\n\n\n\n<p>Futebol ART \u00e9 a nova gera\u00e7\u00e3o de uma pelada de amigos de Telecom que est\u00e3o juntos a mais de 20 anos.\n<br><br>\n\u00c9 um misto de idades, t\u00e9cnica, falta de t\u00e9cnica e muita divers\u00e3o garantida.\n<br><br>\nNesta pelada convivem e jogam juntos duas, tr\u00eas gera\u00e7\u00f5es de peladeiros da mesma fam\u00edlia, o que refor\u00e7a mais o espirito do grupo\n<\/p>\n\n\n\n<div class=\"wp-block-buttons is-horizontal is-content-justification-left is-layout-flex wp-container-core-buttons-is-layout-7e5fce0a wp-block-buttons-is-layout-flex\"><\/div>\n\n\n\n<p><\/p>\n<\/div>\n\n\n\n<div class=\"wp-block-column is-layout-flow wp-block-column-is-layout-flow\">\n<div style=\"height:48px\" aria-hidden=\"true\" class=\"wp-block-spacer\"><\/div>\n\n\n\n<div class=\"wp-block-columns is-layout-flex wp-container-core-columns-is-layout-9d6595d7 wp-block-columns-is-layout-flex\">\n<div class=\"wp-block-column is-layout-flow wp-block-column-is-layout-flow\" style=\"flex-basis:100%\"><\/div>\n<\/div>\n\n\n\n<figure class=\"wp-block-image size-full\"><img loading=\"lazy\" decoding=\"async\" width=\"768\" height=\"1024\" src=\"http:\/\/futebolart.com.br\/wp-content\/uploads\/2023\/10\/foto_campo.jpg\" alt=\"\" class=\"wp-image-162\" srcset=\"https:\/\/futebolart.com.br\/wp-content\/uploads\/2023\/10\/foto_campo.jpg 768w, https:\/\/futebolart.com.br\/wp-content\/uploads\/2023\/10\/foto_campo-225x300.jpg 225w\" sizes=\"auto, (max-width: 768px) 100vw, 768px\" \/><\/figure>\n<\/div>\n<\/div>\n<\/div><\/div>\n\n\n\n<div class=\"wp-block-group alignfull\"><div class=\"wp-block-group__inner-container is-layout-flow wp-block-group-is-layout-flow\">\n<div class=\"wp-block-columns are-vertically-aligned-center is-layout-flex wp-container-core-columns-is-layout-9d6595d7 wp-block-columns-is-layout-flex\">\n<div class=\"wp-block-column is-vertically-aligned-center is-layout-flow wp-block-column-is-layout-flow\">\n<h2 class=\"wp-block-heading\">Futebol + Resenha + Cerveja gelada<\/h2><br>\n<p>Como toda pelada de amigos que se preze, a nossa n\u00e3o poderia ser diferente! A cada s\u00e1bado contamos com a colabora\u00e7\u00e3o dos atletas e convidados com diferentes tira-gostos, uma cachacinha top e muita farra!<\/p>\n<p>Mensalmente tamb\u00e9m \u00e9 realizado uma confraterniza\u00e7\u00e3o p\u00f3s pelada para comemora\u00e7\u00e3o dos aniversariantes do m\u00eas.<\/p>\n<\/div>\n\n\n\n<div class=\"wp-block-column is-vertically-aligned-center is-layout-flow wp-block-column-is-layout-flow\">\n<div class=\"wp-block-buttons is-layout-flex wp-block-buttons-is-layout-flex\"><\/div>\n\n\n\n<figure class=\"wp-block-gallery has-nested-images columns-default is-cropped wp-block-gallery-2 is-layout-flex wp-block-gallery-is-layout-flex\">\n<figure class=\"wp-block-image size-large\"><img loading=\"lazy\" decoding=\"async\" width=\"700\" height=\"350\" data-id=\"169\" src=\"http:\/\/futebolart.com.br\/wp-content\/uploads\/2023\/10\/images-1.jpeg\" alt=\"\" class=\"wp-image-169\" srcset=\"https:\/\/futebolart.com.br\/wp-content\/uploads\/2023\/10\/images-1.jpeg 700w, https:\/\/futebolart.com.br\/wp-content\/uploads\/2023\/10\/images-1-300x150.jpeg 300w\" sizes=\"auto, (max-width: 700px) 100vw, 700px\" \/><\/figure>\n<\/figure>\n<\/div>\n<\/div>\n<\/div><\/div>\n","protected":false},"excerpt":{"rendered":"<p>Bem-vindo(a) ao nosso site! Aqui voc\u00ea poder\u00e1 conhecer um pouco mais sobre o dia a dia de nossa pelada, acessar os dados de estat\u00edsticas, regulamento, lista de espera e acompanhar semanalmente a \u201cResenha Digital\u201d! Sobre a Pelada Futebol ART \u00e9 a nova gera\u00e7\u00e3o de uma pelada de amigos de Telecom que est\u00e3o juntos a mais &hellip; <\/p>\n<p class=\"link-more\"><a href=\"https:\/\/futebolart.com.br\/\" class=\"more-link\">Leia mais<span class=\"screen-reader-text\"> &#8220;Pagina Inicial&#8221;<\/span><\/a><\/p>\n","protected":false},"author":2,"featured_media":0,"parent":0,"menu_order":0,"comment_status":"closed","ping_status":"closed","template":"","meta":{"footnotes":""},"class_list":["post-12","page","type-page","status-publish","hentry"],"_links":{"self":[{"href":"https:\/\/futebolart.com.br\/index.php?rest_route=\/wp\/v2\/pages\/12","targetHints":{"allow":["GET"]}}],"collection":[{"href":"https:\/\/futebolart.com.br\/index.php?rest_route=\/wp\/v2\/pages"}],"about":[{"href":"https:\/\/futebolart.com.br\/index.php?rest_route=\/wp\/v2\/types\/page"}],"author":[{"embeddable":true,"href":"https:\/\/futebolart.com.br\/index.php?rest_route=\/wp\/v2\/users\/2"}],"replies":[{"embeddable":true,"href":"https:\/\/futebolart.com.br\/index.php?rest_route=%2Fwp%2Fv2%2Fcomments&post=12"}],"version-history":[{"count":5,"href":"https:\/\/futebolart.com.br\/index.php?rest_route=\/wp\/v2\/pages\/12\/revisions"}],"predecessor-version":[{"id":171,"href":"https:\/\/futebolart.com.br\/index.php?rest_route=\/wp\/v2\/pages\/12\/revisions\/171"}],"wp:attachment":[{"href":"https:\/\/futebolart.com.br\/index.php?rest_route=%2Fwp%2Fv2%2Fmedia&parent=12"}],"curies":[{"name":"wp","href":"https:\/\/api.w.org\/{rel}","templated":true}]}}